{"id":145,"date":"2018-08-05T17:47:09","date_gmt":"2018-08-05T15:47:09","guid":{"rendered":"https:\/\/myfilehost.de\/index.php\/materialis\/"},"modified":"2025-06-26T20:46:22","modified_gmt":"2025-06-26T18:46:22","slug":"materialis","status":"publish","type":"page","link":"https:\/\/myfilehost.de\/","title":{"rendered":"Front Page"},"content":{"rendered":"<!-- wp:extendstudio\/materialis--><div  id=\"home\" class=\"overlappable-4 content-section content-section-spacing-large\" style=\"background-color: #ffffff;\" data-label=\"home\" data-id=\"overlappable--NaN\" data-export-id=\"overlappable-4\" data-category=\"overlappable\" data-overlap=\"true\">\n<div  class=\"gridContainer\">\n<div  class=\"row spaced-cols text-center\" data-type=\"row\">\n<div  class=\"col-xs-12 col-sm-4 \"><i  class=\"mdi icon aligncenter color1 mdi-code-not-equal-variant reverse round large\"><\/i>\n<div  class=\"\" data-type=\"column\">\n<h5  class=\"\">PROGRAMMIEREN<\/h5>\n<p  class=\"\">Wir programmieren Minecraft Plugins, Sinusbot Scripts und Webanwendungen die eure Projekte einzigartig machen.<\/p>\n\n<\/div>\n<\/div>\n<div  class=\"col-xs-12 col-sm-4 \"><i  class=\"mdi icon aligncenter color1 mdi-server reverse round large\"><\/i>\n<div  class=\"\" data-type=\"column\">\n<h5  class=\"\">Server Hosting<\/h5>\n<p  class=\"\">Wir hosten f\u00fcr euch eure Projekt und Event Server und unterst\u00fctzen euch, damit die Server auf bester Leistung laufen.<\/p>\n\n<\/div>\n<\/div>\n<div  class=\"col-xs-12 col-sm-4 \"><i  class=\"mdi icon aligncenter color1 mdi-gamepad-variant reverse round large\"><\/i>\n<div  class=\"\" data-type=\"column\">\n<h5  class=\"\">Gaming: Random Community<\/h5>\n<p  class=\"\">Nat\u00fcrlich machen wir auch eigene Projekte und Events in verschiedenen Spielen. Hier soll jeder etwas finden.<\/p>\n\n<\/div>\n<\/div>\n<\/div>\n<\/div>\n<\/div><!-- \/wp:extendstudio\/materialis--><!-- wp:extendstudio\/materialis--><div  id=\"donate\" class=\"cta-blue-section content-section content-section-spacing-large bg-color1 white-text\" data-label=\"donate\" data-id=\"cta--NaN\" data-export-id=\"cta-blue-section\" data-category=\"cta\">\n<div  class=\"gridContainer\">\n<div  class=\"row middle-xs\">\n<div  class=\"col-md-8 col-sm-7 space-bottom-xs\" data-type=\"column\">\n<h2  class=\"\"><b >Unterst\u00fctze uns durch eine Spende!<\/b><\/h2>\n<\/div>\n<div  class=\"col-md-4 col-sm-5\" data-type=\"column\"><a class=\"button color2 big mdc-ripple-upgraded\" style=\"--mdc-ripple-fg-size: 86.9531px; --mdc-ripple-fg-scale: 1.89361;\" href=\"https:\/\/www.paypal.com\/donate?hosted_button_id=GJDXTS6U2BW3C\" target=\"_self\" data-cp-link=\"1\" rel=\"noopener noreferrer\">Spenden<\/a><\/div>\n<\/div>\n<\/div>\n<\/div><!-- \/wp:extendstudio\/materialis--><!-- wp:extendstudio\/materialis--><div  id=\"about\" class=\"about-4 content-section content-section-spacing-large\" style=\"background-color: #f5fafd; background-image: none;\" data-label=\"About\" data-id=\"about-4\" data-export-id=\"about-4\" data-category=\"about\">\n<div  class=\"gridContainer\">\n<div  class=\"row middle-sm text-center\">\n<div  class=\"col-sm-5 space-bottom-xs\" data-type=\"column\">\n<h2  class=\"\">Kostenloses Hosting\n<span  style=\"font-family: Playfair Display,sans-serif; font-weight: bold; font-style: italic;\">Pers\u00f6nlicher Support<\/span>\nEigene Projekte, Events\nund vieles mehr<\/h2>\n<\/div>\n<div  class=\"col-sm-7 flexbox center-xs middle-xs image-group-2-img padding-top-bottom\"><img  decoding=\"async\" class=\"img-1 rounded mdc-elevation--z10\" src=\"https:\/\/myfilehost.de\/wp-content\/uploads\/2018\/08\/chrome_2018-08-05_19-09-49.png\" data-size=\"250x200\"> <img  decoding=\"async\" class=\"img-2 rounded mdc-elevation--z10\" src=\"https:\/\/myfilehost.de\/wp-content\/uploads\/2018\/08\/eclipse_2018-08-05_19-06-27.png\" data-size=\"220x170\"><\/div>\n<\/div>\n<\/div>\n<\/div><!-- \/wp:extendstudio\/materialis--><!-- wp:extendstudio\/materialis--><div  id=\"launcher\" class=\"content-relative content-section content-section-spacing-large cta-1-materialis section-title-col-white-text\" style=\"background-color: rgb(245, 250, 253); background-image: url(&quot;https:\/\/myfilehost.de\/wp-content\/uploads\/2024\/06\/Random-Community-Launcher_2024-06-05_22-28-07.png&quot;); background-size: cover; background-position: center top;\" data-label=\"launcher\" data-id=\"cta-1-materialis\" data-export-id=\"cta-1-materialis\" data-category=\"cta\" data-parallax-depth=\"20\" data-ovid=\"1\">\n<div  class=\"\">\n<div  class=\"row text-center col-sm-padding-medium\">\n<div  class=\"col-md-6 col-md-offset-3 col-xs-10 col-xs-offset-1 card mdc-elevation--z3 box-padding-lr-small\">\n<div  class=\"\" data-type=\"column\">\n<h2  class=\"\">Random Community\nMinecraft Launcher<\/h2>\n<p  class=\"\">Lade dir den Random Community Launcher herunter und spiele unsere Modpacks.<\/p>\n<a class=\"button blue mdc-ripple-upgraded\" href=\"https:\/\/launcher.myfilehost.de\/v2\/Random-Community-Launcher-setup-latest.exe\" target=\"_self\" data-cp-link=\"1\" style=\"--mdc-ripple-fg-size: 123.9px; --mdc-ripple-fg-scale: 1.77836;\" rel=\"noopener noreferrer\">Windows<\/a><a class=\"button blue mdc-ripple-upgraded\" href=\"https:\/\/file.myfilehost.de\/Random%20Community%20Launcher.jar\" target=\"_self\" data-cp-link=\"1\" rel=\"noopener noreferrer\">Legacy Launcher (Linux\/OSX)<\/a><p  class=\"\">Der Legacy Launcher und die darin enthaltenen Modpacks werden nicht mehr aktualisiert!<\/p>\n\n<\/div>\n<\/div>\n<\/div>\n<\/div>\n<\/div><!-- \/wp:extendstudio\/materialis--><!-- wp:extendstudio\/materialis--><div  id=\"blog-1\" class=\"latest-news-1-materialis content-section content-section-spacing-large\" style=\"background-color: #f5fafd;\" data-label=\"blog\" data-id=\"latest-news-1-materialis\" data-export-id=\"latest-news-1-materialis\" data-category=\"latest_news\">\n<div  class=\"gridContainer\">\n<div  class=\"row\">\n<div  class=\"section-title-col\" data-type=\"column\">\n<h2  class=\"\">Neuigkeiten<\/h2>\n<p  class=\"lead\">Wir schreiben hin und wieder mal in unseren Blog. Schau doch nach ob du etwas interessantes zu lesen findest.<\/p>\n\n<\/div>\n<\/div>\n<div  class=\"row content-left-sm\">\n<div  data-type=\"row\" data-dynamic-columns=\"handled\" data-content-shortcode=\"materialis_latest_news\">\t\t<div class=\"row materialis-latest-news\">\n\t\t\t\t\t<div id=\"post-412\" class=\"col-sm-6 col-md-4 space-bottom space-bottom-xs\">\n\t\t\t\t\t<div class=\"post-content no-padding  mdc-card overflow-hidden mdc-elevation--z2 latest-news-layout-cards\">\n\t\t\t\t\t<div class=\"\">\n\t\t\t\t\t\t\t<\/div>\n\t\t\n\t\t<div class=\"post-content-body col-padding  \">\n\t\t\t\t\t\t\t<div class=\"space-bottom-small\">\n\t\t\t\t\t<a href=\"https:\/\/myfilehost.de\/index.php\/category\/allgemein\/\"  class=\"button color5 link \">Allgemein<\/a>\t\t\t\t<\/div>\n\t\t\t\n\t\t\t<h4 class=\"latest-news-item-title\">\n\t\t\t\t<a href=\"https:\/\/myfilehost.de\/index.php\/willkommen-bei-myfilehost-de-dein-non-profit-hosting-partner\/\" rel=\"bookmark\">\n\t\t\t\t\tWillkommen bei MyFileHost.de \u2013 Dein Non-Profit Hosting-Partner\t\t\t\t<\/a>\n\t\t\t<\/h4>\n\n\t\t\t\n\t\t\t<div class=\"latest-news-item-excerpt\">\n\t\t\t\t<p>Herzlich willkommen auf unserem Blog! Sch\u00f6n, dass du den Weg zu uns gefunden hast. Was[&hellip;]<\/p>\n\t\t\t<\/div>\n\n\n\t\t<\/div>\n\t\t\t\t\t\t\t<div class=\"mdc-card__actions box-padding-lr-small text-dark\">\n\t\t\t\t<div class=\"mdc-card__action-icons col-xs-12 text-dark col-sm-fit no-padding-left\">\n\t\t\t\t\t\t<a class=\"post-footer-link\" href=\"https:\/\/myfilehost.de\/index.php\/willkommen-bei-myfilehost-de-dein-non-profit-hosting-partner\/\">\n\t\t<i class=\"mdi small mdi-comment-outline mdc-card__action mdc-card__action--icon color-darkgray\" title=\"Comments\"><\/i>\n\t\t<span class=\"post-footer-value\">0<\/span>\n\t<\/a>\n\t<a class=\"post-footer-link\" href=\"https:\/\/myfilehost.de\/index.php\/willkommen-bei-myfilehost-de-dein-non-profit-hosting-partner\/\">\n\t\t<i class=\"mdi small mdi-clock mdc-card__action mdc-card__action--icon color-darkgray\" title=\"Post Time\"><\/i>\n\t\t<span class=\"post-footer-value\">26. Juni 2025<\/span>\n\t<\/a>\n\t\t\t\t\t<\/div>\n\t\t\t\t<div class=\"mdc-card__action-buttons col-xs-12 col-sm-fit no-padding\">\n\t\t\t\t\t<a href=\"https:\/\/myfilehost.de\/index.php\/willkommen-bei-myfilehost-de-dein-non-profit-hosting-partner\/\" class=\"button color2 link\">Weiterlesen<\/a>\n\t\t\t\t<\/div>\n\t\t\t<\/div>\n\t\t\t<\/div>\n\t\t\t\t<\/div>\n\t\t\t\t\t\t<div id=\"post-118\" class=\"col-sm-6 col-md-4 space-bottom space-bottom-xs\">\n\t\t\t\t\t<div class=\"post-content no-padding  mdc-card overflow-hidden mdc-elevation--z2 latest-news-layout-cards\">\n\t\t\t\t\t<div class=\"\">\n\t\t\t\t\t\t\t<\/div>\n\t\t\n\t\t<div class=\"post-content-body col-padding  \">\n\t\t\t\t\t\t\t<div class=\"space-bottom-small\">\n\t\t\t\t\t<a href=\"https:\/\/myfilehost.de\/index.php\/category\/allgemein\/\"  class=\"button color5 link \">Allgemein<\/a>\t\t\t\t<\/div>\n\t\t\t\n\t\t\t<h4 class=\"latest-news-item-title\">\n\t\t\t\t<a href=\"https:\/\/myfilehost.de\/index.php\/random-community-jubilaeum-verlosung-blog-3-05-08-2018\/\" rel=\"bookmark\">\n\t\t\t\t\tRandom Community Jubil\u00e4um &#8211; Verlosung | Blog #3 05.08.2018\t\t\t\t<\/a>\n\t\t\t<\/h4>\n\n\t\t\t\n\t\t\t<div class=\"latest-news-item-excerpt\">\n\t\t\t\t<p>Random Community feiert Jubil\u00e4um Seit dem 25.08.2016 geh\u00f6rt Random Community zum MyFileHost Projekt.Wir m\u00f6chten dies[&hellip;]<\/p>\n\t\t\t<\/div>\n\n\n\t\t<\/div>\n\t\t\t\t\t\t\t<div class=\"mdc-card__actions box-padding-lr-small text-dark\">\n\t\t\t\t<div class=\"mdc-card__action-icons col-xs-12 text-dark col-sm-fit no-padding-left\">\n\t\t\t\t\t\t<a class=\"post-footer-link\" href=\"https:\/\/myfilehost.de\/index.php\/random-community-jubilaeum-verlosung-blog-3-05-08-2018\/\">\n\t\t<i class=\"mdi small mdi-comment-outline mdc-card__action mdc-card__action--icon color-darkgray\" title=\"Comments\"><\/i>\n\t\t<span class=\"post-footer-value\">0<\/span>\n\t<\/a>\n\t<a class=\"post-footer-link\" href=\"https:\/\/myfilehost.de\/index.php\/random-community-jubilaeum-verlosung-blog-3-05-08-2018\/\">\n\t\t<i class=\"mdi small mdi-clock mdc-card__action mdc-card__action--icon color-darkgray\" title=\"Post Time\"><\/i>\n\t\t<span class=\"post-footer-value\">5. August 2018<\/span>\n\t<\/a>\n\t\t\t\t\t<\/div>\n\t\t\t\t<div class=\"mdc-card__action-buttons col-xs-12 col-sm-fit no-padding\">\n\t\t\t\t\t<a href=\"https:\/\/myfilehost.de\/index.php\/random-community-jubilaeum-verlosung-blog-3-05-08-2018\/\" class=\"button color2 link\">Weiterlesen<\/a>\n\t\t\t\t<\/div>\n\t\t\t<\/div>\n\t\t\t<\/div>\n\t\t\t\t<\/div>\n\t\t\t\t\t\t<div id=\"post-113\" class=\"col-sm-6 col-md-4 space-bottom space-bottom-xs\">\n\t\t\t\t\t<div class=\"post-content no-padding  mdc-card overflow-hidden mdc-elevation--z2 latest-news-layout-cards\">\n\t\t\t\t\t<div class=\"\">\n\t\t\t\t\t\t\t<\/div>\n\t\t\n\t\t<div class=\"post-content-body col-padding  \">\n\t\t\t\t\t\t\t<div class=\"space-bottom-small\">\n\t\t\t\t\t<a href=\"https:\/\/myfilehost.de\/index.php\/category\/allgemein\/\"  class=\"button color5 link \">Allgemein<\/a>\t\t\t\t<\/div>\n\t\t\t\n\t\t\t<h4 class=\"latest-news-item-title\">\n\t\t\t\t<a href=\"https:\/\/myfilehost.de\/index.php\/neue-projekte-blog-2-05-08-2018\/\" rel=\"bookmark\">\n\t\t\t\t\tNeues Projekt! | Blog #2 05.08.2018\t\t\t\t<\/a>\n\t\t\t<\/h4>\n\n\t\t\t\n\t\t\t<div class=\"latest-news-item-excerpt\">\n\t\t\t\t<p>$ A Y K E &#8211; C L A N \u00bb CWBW Am 04.08.2018 haben[&hellip;]<\/p>\n\t\t\t<\/div>\n\n\n\t\t<\/div>\n\t\t\t\t\t\t\t<div class=\"mdc-card__actions box-padding-lr-small text-dark\">\n\t\t\t\t<div class=\"mdc-card__action-icons col-xs-12 text-dark col-sm-fit no-padding-left\">\n\t\t\t\t\t\t<a class=\"post-footer-link\" href=\"https:\/\/myfilehost.de\/index.php\/neue-projekte-blog-2-05-08-2018\/\">\n\t\t<i class=\"mdi small mdi-comment-outline mdc-card__action mdc-card__action--icon color-darkgray\" title=\"Comments\"><\/i>\n\t\t<span class=\"post-footer-value\">0<\/span>\n\t<\/a>\n\t<a class=\"post-footer-link\" href=\"https:\/\/myfilehost.de\/index.php\/neue-projekte-blog-2-05-08-2018\/\">\n\t\t<i class=\"mdi small mdi-clock mdc-card__action mdc-card__action--icon color-darkgray\" title=\"Post Time\"><\/i>\n\t\t<span class=\"post-footer-value\">5. August 2018<\/span>\n\t<\/a>\n\t\t\t\t\t<\/div>\n\t\t\t\t<div class=\"mdc-card__action-buttons col-xs-12 col-sm-fit no-padding\">\n\t\t\t\t\t<a href=\"https:\/\/myfilehost.de\/index.php\/neue-projekte-blog-2-05-08-2018\/\" class=\"button color2 link\">Weiterlesen<\/a>\n\t\t\t\t<\/div>\n\t\t\t<\/div>\n\t\t\t<\/div>\n\t\t\t\t<\/div>\n\t\t\t\t<\/div>\n\t<\/div>\n<\/div>\n<div  class=\"row\">\n<div  class=\"text-center\"><a class=\"button big color1 mdc-elevation--z3 mdc-ripple-upgraded\" style=\"--mdc-ripple-fg-size: 132.412px; --mdc-ripple-fg-scale: 1.79136; --mdc-ripple-fg-translate-start: 105.525px, -11.9125px; --mdc-ripple-fg-translate-end: 40.525px, -33.7875px;\" href=\"https:\/\/myfilehost.de\/index.php\/blog\/\" target=\"_self\" data-attr-shortcode=\"href:materialis_blog_link\" rel=\"noopener noreferrer\">Mehr Blogs lesen\u2026<\/a><\/div>\n<\/div>\n<\/div>\n<\/div><!-- \/wp:extendstudio\/materialis--><!-- wp:extendstudio\/materialis--><div  id=\"kontakt-1\" class=\"contact-1 content-section content-section-spacing-large content-relative white-text\" data-label=\"kontakt\" data-id=\"contact-1\" data-export-id=\"contact-1\" data-category=\"contact\" data-parallax-depth=\"20\">\n<div  class=\"gridContainer\">\n<div  class=\"row text-center\">\n<div  class=\"section-title-col\" data-type=\"column\">\n<h2  class=\"\">Kontakt<\/h2>\n<p  class=\"lead\">Hier kannst du uns kontaktieren. Wir bem\u00fchen uns schnellst m\u00f6glich zu antworten.<\/p>\n\n        <!-- TODO: Move to Template File. -->\n        \n         <!-- TODO: Move to Template File. -->\n\n\n        <!-- TODO: Move to Template File. -->\n        \n        <p  class=\"\">Unser Kontaktformular ist derzeit au\u00dfer Betrieb. Wenn sie ein Anliegen haben so schreiben Sie bitte eine E-Mail an <span \n                data-original-string='j+vkcG9BXASEWNVCBgXoUQ==f56tLw3KOQV2TpUMexB6ebSil69LHCBXLQ97kqpIC8bnO8='\n                class='apbct-email-encoder'\n                title='Dieser Kontakt wurde von Anti-Spam by CleanTalk verschl\u00fcsselt. Klicken Sie hier, um ihn zu entschl\u00fcsseln. Um die Entschl\u00fcsselung abzuschlie\u00dfen, stellen Sie sicher, dass JavaScript in Ihrem Browser aktiviert ist.'>pa<span class=\"apbct-blur\">********<\/span>@<span class=\"apbct-blur\">********<\/span>st.de<\/span><\/p>\n        <!-- TODO: Move to Template File. -->\n        \n        <\/div>\n<\/div>\n<\/div>\n<\/div><!-- \/wp:extendstudio\/materialis--><!-- wp:paragraph--><!-- \/wp:paragraph-->","protected":false},"excerpt":{"rendered":"<p>PROGRAMMIEREN Wir programmieren Minecraft Plugins, Sinusbot Scripts und Webanwendungen die eure Projekte einzigartig machen. Server Hosting Wir hosten f\u00fcr euch eure Projekt und Event Server und unterst\u00fctzen euch, damit die Server auf bester Leistung laufen. Gaming: Random Community Nat\u00fcrlich machen wir auch eigene Projekte und Events in verschiedenen Spielen. Hier soll jeder etwas finden. Unterst\u00fctze&nbsp;&hellip;<\/p>\n","protected":false},"author":1,"featured_media":0,"parent":0,"menu_order":0,"comment_status":"closed","ping_status":"closed","template":"page-templates\/homepage.php","meta":{"footnotes":""},"class_list":["post-145","page","type-page","status-publish","hentry"],"_links":{"self":[{"href":"https:\/\/myfilehost.de\/index.php\/wp-json\/wp\/v2\/pages\/145","targetHints":{"allow":["GET"]}}],"collection":[{"href":"https:\/\/myfilehost.de\/index.php\/wp-json\/wp\/v2\/pages"}],"about":[{"href":"https:\/\/myfilehost.de\/index.php\/wp-json\/wp\/v2\/types\/page"}],"author":[{"embeddable":true,"href":"https:\/\/myfilehost.de\/index.php\/wp-json\/wp\/v2\/users\/1"}],"replies":[{"embeddable":true,"href":"https:\/\/myfilehost.de\/index.php\/wp-json\/wp\/v2\/comments?post=145"}],"version-history":[{"count":61,"href":"https:\/\/myfilehost.de\/index.php\/wp-json\/wp\/v2\/pages\/145\/revisions"}],"predecessor-version":[{"id":410,"href":"https:\/\/myfilehost.de\/index.php\/wp-json\/wp\/v2\/pages\/145\/revisions\/410"}],"wp:attachment":[{"href":"https:\/\/myfilehost.de\/index.php\/wp-json\/wp\/v2\/media?parent=145"}],"curies":[{"name":"wp","href":"https:\/\/api.w.org\/{rel}","templated":true}]}}